{"id":6503,"date":"2020-11-19T11:51:40","date_gmt":"2020-11-19T10:51:40","guid":{"rendered":"https:\/\/dekuyper-products.com\/product\/paal-handhygiene-zwart\/"},"modified":"2020-11-19T11:51:56","modified_gmt":"2020-11-19T10:51:56","slug":"paal-handhygiene-zwart","status":"publish","type":"product","link":"https:\/\/dekuyper-products.com\/nl\/product\/paal-handhygiene-zwart\/","title":{"rendered":"Paal Handhygi\u00ebne Zwart"},"content":{"rendered":"<p><meta charset=\"utf-8\"><meta charset=\"utf-8\">HANDHYGI\u00cbNE ZWART<br data-sanitized-data-mce-fragment=\"1\"><span data-sanitized-data-mce-fragment=\"1\">&#8212;<\/span><br data-sanitized-data-mce-fragment=\"1\"><span data-sanitized-data-mce-fragment=\"1\">Aantal stuks: 1<\/span><br data-sanitized-data-mce-fragment=\"1\">Praktische hygi\u00ebnepaal voor plaatsing alcoholgel.<\/p>\n","protected":false},"excerpt":{"rendered":"<p>PAAL HANDHYGI\u00cbNE ZWART<br \/>\n&#8212;<br \/>\nAantal stuks: 1.<br \/>\nPraktische hygi\u00ebnepaal voor plaatsing alcoholgel.<\/p>\n","protected":false},"featured_media":6488,"comment_status":"closed","ping_status":"open","template":"","meta":{"_acf_changed":false},"product_brand":[],"product_cat":[15],"product_tag":[],"class_list":{"0":"post-6503","1":"product","2":"type-product","3":"status-publish","4":"has-post-thumbnail","6":"product_cat-overige-producten","8":"first","9":"instock","10":"purchasable","11":"product-type-simple"},"acf":[],"yoast_head":"<!-- This site is optimized with the Yoast SEO plugin v26.8 - https:\/\/yoast.com\/product\/yoast-seo-wordpress\/ -->\n<title>Paal Handhygi\u00ebne Zwart - Dekuyper Products<\/title>\n<meta name=\"robots\" content=\"index, follow, max-snippet:-1, max-image-preview:large, max-video-preview:-1\" \/>\n<link rel=\"canonical\" href=\"https:\/\/dekuyper-products.com\/nl\/product\/paal-handhygiene-zwart\/\" \/>\n<meta property=\"og:locale\" content=\"nl_BE\" \/>\n<meta property=\"og:type\" content=\"article\" \/>\n<meta property=\"og:title\" content=\"Paal Handhygi\u00ebne Zwart - Dekuyper Products\" \/>\n<meta property=\"og:description\" content=\"PAAL HANDHYGI\u00cbNE ZWART -- Aantal stuks: 1. Praktische hygi\u00ebnepaal voor plaatsing alcoholgel.\" \/>\n<meta property=\"og:url\" content=\"https:\/\/dekuyper-products.com\/nl\/product\/paal-handhygiene-zwart\/\" \/>\n<meta property=\"og:site_name\" content=\"Dekuyper Products\" \/>\n<meta property=\"article:modified_time\" content=\"2020-11-19T10:51:56+00:00\" \/>\n<meta property=\"og:image\" content=\"https:\/\/dekuyper-products.com\/wp-content\/uploads\/2020\/11\/74Products-1.png\" \/>\n\t<meta property=\"og:image:width\" content=\"408\" \/>\n\t<meta property=\"og:image:height\" content=\"612\" \/>\n\t<meta property=\"og:image:type\" content=\"image\/png\" \/>\n<meta name=\"twitter:card\" content=\"summary_large_image\" \/>\n<script type=\"application\/ld+json\" class=\"yoast-schema-graph\">{\"@context\":\"https:\/\/schema.org\",\"@graph\":[{\"@type\":\"WebPage\",\"@id\":\"https:\/\/dekuyper-products.com\/nl\/product\/paal-handhygiene-zwart\/\",\"url\":\"https:\/\/dekuyper-products.com\/nl\/product\/paal-handhygiene-zwart\/\",\"name\":\"Paal Handhygi\u00ebne Zwart - Dekuyper Products\",\"isPartOf\":{\"@id\":\"https:\/\/dekuyper-products.com\/nl\/#website\"},\"primaryImageOfPage\":{\"@id\":\"https:\/\/dekuyper-products.com\/nl\/product\/paal-handhygiene-zwart\/#primaryimage\"},\"image\":{\"@id\":\"https:\/\/dekuyper-products.com\/nl\/product\/paal-handhygiene-zwart\/#primaryimage\"},\"thumbnailUrl\":\"https:\/\/dekuyper-products.com\/wp-content\/uploads\/2020\/11\/74Products-1.png\",\"datePublished\":\"2020-11-19T10:51:40+00:00\",\"dateModified\":\"2020-11-19T10:51:56+00:00\",\"breadcrumb\":{\"@id\":\"https:\/\/dekuyper-products.com\/nl\/product\/paal-handhygiene-zwart\/#breadcrumb\"},\"inLanguage\":\"nl-BE\",\"potentialAction\":[{\"@type\":\"ReadAction\",\"target\":[\"https:\/\/dekuyper-products.com\/nl\/product\/paal-handhygiene-zwart\/\"]}]},{\"@type\":\"ImageObject\",\"inLanguage\":\"nl-BE\",\"@id\":\"https:\/\/dekuyper-products.com\/nl\/product\/paal-handhygiene-zwart\/#primaryimage\",\"url\":\"https:\/\/dekuyper-products.com\/wp-content\/uploads\/2020\/11\/74Products-1.png\",\"contentUrl\":\"https:\/\/dekuyper-products.com\/wp-content\/uploads\/2020\/11\/74Products-1.png\",\"width\":408,\"height\":612},{\"@type\":\"BreadcrumbList\",\"@id\":\"https:\/\/dekuyper-products.com\/nl\/product\/paal-handhygiene-zwart\/#breadcrumb\",\"itemListElement\":[{\"@type\":\"ListItem\",\"position\":1,\"name\":\"Home\",\"item\":\"https:\/\/dekuyper-products.com\/\"},{\"@type\":\"ListItem\",\"position\":2,\"name\":\"Producten\",\"item\":\"https:\/\/dekuyper-products.com\/nl\/shop\/\"},{\"@type\":\"ListItem\",\"position\":3,\"name\":\"Paal Handhygi\u00ebne Zwart\"}]},{\"@type\":\"WebSite\",\"@id\":\"https:\/\/dekuyper-products.com\/nl\/#website\",\"url\":\"https:\/\/dekuyper-products.com\/nl\/\",\"name\":\"Dekuyper Products\",\"description\":\"Onderhoudsproducten en -materialen\",\"publisher\":{\"@id\":\"https:\/\/dekuyper-products.com\/nl\/#organization\"},\"potentialAction\":[{\"@type\":\"SearchAction\",\"target\":{\"@type\":\"EntryPoint\",\"urlTemplate\":\"https:\/\/dekuyper-products.com\/nl\/?s={search_term_string}\"},\"query-input\":{\"@type\":\"PropertyValueSpecification\",\"valueRequired\":true,\"valueName\":\"search_term_string\"}}],\"inLanguage\":\"nl-BE\"},{\"@type\":\"Organization\",\"@id\":\"https:\/\/dekuyper-products.com\/nl\/#organization\",\"name\":\"Dekuyper Products\",\"url\":\"https:\/\/dekuyper-products.com\/nl\/\",\"logo\":{\"@type\":\"ImageObject\",\"inLanguage\":\"nl-BE\",\"@id\":\"https:\/\/dekuyper-products.com\/nl\/#\/schema\/logo\/image\/\",\"url\":\"https:\/\/dekuyper-products.com\/wp-content\/uploads\/2025\/03\/logo.png\",\"contentUrl\":\"https:\/\/dekuyper-products.com\/wp-content\/uploads\/2025\/03\/logo.png\",\"width\":89,\"height\":86,\"caption\":\"Dekuyper Products\"},\"image\":{\"@id\":\"https:\/\/dekuyper-products.com\/nl\/#\/schema\/logo\/image\/\"}}]}<\/script>\n<!-- \/ Yoast SEO plugin. -->","yoast_head_json":{"title":"Paal Handhygi\u00ebne Zwart - Dekuyper Products","robots":{"index":"index","follow":"follow","max-snippet":"max-snippet:-1","max-image-preview":"max-image-preview:large","max-video-preview":"max-video-preview:-1"},"canonical":"https:\/\/dekuyper-products.com\/nl\/product\/paal-handhygiene-zwart\/","og_locale":"nl_BE","og_type":"article","og_title":"Paal Handhygi\u00ebne Zwart - Dekuyper Products","og_description":"PAAL HANDHYGI\u00cbNE ZWART -- Aantal stuks: 1. Praktische hygi\u00ebnepaal voor plaatsing alcoholgel.","og_url":"https:\/\/dekuyper-products.com\/nl\/product\/paal-handhygiene-zwart\/","og_site_name":"Dekuyper Products","article_modified_time":"2020-11-19T10:51:56+00:00","og_image":[{"width":408,"height":612,"url":"https:\/\/dekuyper-products.com\/wp-content\/uploads\/2020\/11\/74Products-1.png","type":"image\/png"}],"twitter_card":"summary_large_image","schema":{"@context":"https:\/\/schema.org","@graph":[{"@type":"WebPage","@id":"https:\/\/dekuyper-products.com\/nl\/product\/paal-handhygiene-zwart\/","url":"https:\/\/dekuyper-products.com\/nl\/product\/paal-handhygiene-zwart\/","name":"Paal Handhygi\u00ebne Zwart - Dekuyper Products","isPartOf":{"@id":"https:\/\/dekuyper-products.com\/nl\/#website"},"primaryImageOfPage":{"@id":"https:\/\/dekuyper-products.com\/nl\/product\/paal-handhygiene-zwart\/#primaryimage"},"image":{"@id":"https:\/\/dekuyper-products.com\/nl\/product\/paal-handhygiene-zwart\/#primaryimage"},"thumbnailUrl":"https:\/\/dekuyper-products.com\/wp-content\/uploads\/2020\/11\/74Products-1.png","datePublished":"2020-11-19T10:51:40+00:00","dateModified":"2020-11-19T10:51:56+00:00","breadcrumb":{"@id":"https:\/\/dekuyper-products.com\/nl\/product\/paal-handhygiene-zwart\/#breadcrumb"},"inLanguage":"nl-BE","potentialAction":[{"@type":"ReadAction","target":["https:\/\/dekuyper-products.com\/nl\/product\/paal-handhygiene-zwart\/"]}]},{"@type":"ImageObject","inLanguage":"nl-BE","@id":"https:\/\/dekuyper-products.com\/nl\/product\/paal-handhygiene-zwart\/#primaryimage","url":"https:\/\/dekuyper-products.com\/wp-content\/uploads\/2020\/11\/74Products-1.png","contentUrl":"https:\/\/dekuyper-products.com\/wp-content\/uploads\/2020\/11\/74Products-1.png","width":408,"height":612},{"@type":"BreadcrumbList","@id":"https:\/\/dekuyper-products.com\/nl\/product\/paal-handhygiene-zwart\/#breadcrumb","itemListElement":[{"@type":"ListItem","position":1,"name":"Home","item":"https:\/\/dekuyper-products.com\/"},{"@type":"ListItem","position":2,"name":"Producten","item":"https:\/\/dekuyper-products.com\/nl\/shop\/"},{"@type":"ListItem","position":3,"name":"Paal Handhygi\u00ebne Zwart"}]},{"@type":"WebSite","@id":"https:\/\/dekuyper-products.com\/nl\/#website","url":"https:\/\/dekuyper-products.com\/nl\/","name":"Dekuyper Products","description":"Onderhoudsproducten en -materialen","publisher":{"@id":"https:\/\/dekuyper-products.com\/nl\/#organization"},"potentialAction":[{"@type":"SearchAction","target":{"@type":"EntryPoint","urlTemplate":"https:\/\/dekuyper-products.com\/nl\/?s={search_term_string}"},"query-input":{"@type":"PropertyValueSpecification","valueRequired":true,"valueName":"search_term_string"}}],"inLanguage":"nl-BE"},{"@type":"Organization","@id":"https:\/\/dekuyper-products.com\/nl\/#organization","name":"Dekuyper Products","url":"https:\/\/dekuyper-products.com\/nl\/","logo":{"@type":"ImageObject","inLanguage":"nl-BE","@id":"https:\/\/dekuyper-products.com\/nl\/#\/schema\/logo\/image\/","url":"https:\/\/dekuyper-products.com\/wp-content\/uploads\/2025\/03\/logo.png","contentUrl":"https:\/\/dekuyper-products.com\/wp-content\/uploads\/2025\/03\/logo.png","width":89,"height":86,"caption":"Dekuyper Products"},"image":{"@id":"https:\/\/dekuyper-products.com\/nl\/#\/schema\/logo\/image\/"}}]}},"_links":{"self":[{"href":"https:\/\/dekuyper-products.com\/nl\/wp-json\/wp\/v2\/product\/6503","targetHints":{"allow":["GET"]}}],"collection":[{"href":"https:\/\/dekuyper-products.com\/nl\/wp-json\/wp\/v2\/product"}],"about":[{"href":"https:\/\/dekuyper-products.com\/nl\/wp-json\/wp\/v2\/types\/product"}],"replies":[{"embeddable":true,"href":"https:\/\/dekuyper-products.com\/nl\/wp-json\/wp\/v2\/comments?post=6503"}],"wp:featuredmedia":[{"embeddable":true,"href":"https:\/\/dekuyper-products.com\/nl\/wp-json\/wp\/v2\/media\/6488"}],"wp:attachment":[{"href":"https:\/\/dekuyper-products.com\/nl\/wp-json\/wp\/v2\/media?parent=6503"}],"wp:term":[{"taxonomy":"product_brand","embeddable":true,"href":"https:\/\/dekuyper-products.com\/nl\/wp-json\/wp\/v2\/product_brand?post=6503"},{"taxonomy":"product_cat","embeddable":true,"href":"https:\/\/dekuyper-products.com\/nl\/wp-json\/wp\/v2\/product_cat?post=6503"},{"taxonomy":"product_tag","embeddable":true,"href":"https:\/\/dekuyper-products.com\/nl\/wp-json\/wp\/v2\/product_tag?post=6503"}],"curies":[{"name":"wp","href":"https:\/\/api.w.org\/{rel}","templated":true}]}}