{"id":9343,"date":"2020-11-19T12:10:01","date_gmt":"2020-11-19T11:10:01","guid":{"rendered":"https:\/\/dekuyper-products.com\/product\/dispenser-serv-tork-xpressnap-snack-zwart-n10\/"},"modified":"2021-05-17T10:27:30","modified_gmt":"2021-05-17T09:27:30","slug":"dispenser-serv-tork-xpressnap-snack-zwart-n10","status":"publish","type":"product","link":"https:\/\/dekuyper-products.com\/nl\/product\/dispenser-serv-tork-xpressnap-snack-zwart-n10\/","title":{"rendered":"DISPENSER SERV TORK XPRESSNAP SNACK ZWART N10"},"content":{"rendered":"<p>DISPENSER SERV TORK XPRESSNAP SNACK ZWART N10<br \/>&#8212;<br \/>Afmeting (mm): B 149, H 157, D 149   <br \/>\nAantal stuks: 1 <br \/>\nKleur: zwart<br \/>\nDit systeem vermindert het servetgebruik met minstens 25% vergeleken met traditionele dispensers. <br \/>\nHet zorgt voor minder afval, verbeterde hygi\u00ebne en een persoonlijke bedrukking is mogelijk. <br \/>\nUitermate geschikt voor fastfoodrestaurants, kantines, stadions en pretparken waar kleinere servetten volstaan. <\/p>\n<p>&#8211; Een compacte dispenser die op elke tafel past<br \/>\n&#8211; Verbeterde hygi\u00ebne dankzij \u00e9\u00e9n-per-keer-dosering<br \/>\n&#8211; Mogelijkheid om te communiceren of te adverteren via de AD-a-Glance(R) displays<br \/>\n&#8211; Uitermate geschikt voor ijssalons, tearooms, caf\u00e9s, bars en andere kleinere zaken<\/p>\n<p>Referentienummer: 272808<\/p>\n","protected":false},"excerpt":{"rendered":"<p>DISPENSER SERV TORK XPRESSNAP SNACK ZWART N10&#8212;Afmeting (mm): B 149, H 157, D 149 Aantal stuks: 1 Kleur: zwart Dit systeem vermindert het servetgebruik met minstens 25% vergeleken met traditionele dispensers. Het zorgt voor minder afval, verbeterde hygi\u00ebne en een persoonlijke bedrukking is mogelijk. Uitermate geschikt voor fastfoodrestaurants, kantines, stadions [&hellip;]<\/p>\n","protected":false},"featured_media":9344,"comment_status":"closed","ping_status":"open","template":"","meta":{"_acf_changed":false},"product_brand":[],"product_cat":[460,15],"product_tag":[702],"class_list":{"0":"post-9343","1":"product","2":"type-product","3":"status-publish","4":"has-post-thumbnail","6":"product_cat-servetten","7":"product_cat-overige-producten","8":"product_tag-servet-dispensers","10":"first","11":"instock","12":"purchasable","13":"product-type-simple"},"acf":[],"yoast_head":"<!-- This site is optimized with the Yoast SEO plugin v26.8 - https:\/\/yoast.com\/product\/yoast-seo-wordpress\/ -->\n<title>DISPENSER SERV TORK XPRESSNAP SNACK ZWART N10 - Dekuyper Products<\/title>\n<meta name=\"robots\" content=\"index, follow, max-snippet:-1, max-image-preview:large, max-video-preview:-1\" \/>\n<link rel=\"canonical\" href=\"https:\/\/dekuyper-products.com\/nl\/product\/dispenser-serv-tork-xpressnap-snack-zwart-n10\/\" \/>\n<meta property=\"og:locale\" content=\"nl_BE\" \/>\n<meta property=\"og:type\" content=\"article\" \/>\n<meta property=\"og:title\" content=\"DISPENSER SERV TORK XPRESSNAP SNACK ZWART N10 - Dekuyper Products\" \/>\n<meta property=\"og:description\" content=\"DISPENSER SERV TORK XPRESSNAP SNACK ZWART N10&#8212;Afmeting (mm): B 149, H 157, D 149 Aantal stuks: 1 Kleur: zwart Dit systeem vermindert het servetgebruik met minstens 25% vergeleken met traditionele dispensers. Het zorgt voor minder afval, verbeterde hygi\u00ebne en een persoonlijke bedrukking is mogelijk. Uitermate geschikt voor fastfoodrestaurants, kantines, stadions [&hellip;]\" \/>\n<meta property=\"og:url\" content=\"https:\/\/dekuyper-products.com\/nl\/product\/dispenser-serv-tork-xpressnap-snack-zwart-n10\/\" \/>\n<meta property=\"og:site_name\" content=\"Dekuyper Products\" \/>\n<meta property=\"article:modified_time\" content=\"2021-05-17T09:27:30+00:00\" \/>\n<meta property=\"og:image\" content=\"https:\/\/dekuyper-products.com\/wp-content\/uploads\/2020\/11\/764.jpg\" \/>\n\t<meta property=\"og:image:width\" content=\"500\" \/>\n\t<meta property=\"og:image:height\" content=\"500\" \/>\n\t<meta property=\"og:image:type\" content=\"image\/jpeg\" \/>\n<meta name=\"twitter:card\" content=\"summary_large_image\" \/>\n<script type=\"application\/ld+json\" class=\"yoast-schema-graph\">{\"@context\":\"https:\/\/schema.org\",\"@graph\":[{\"@type\":\"WebPage\",\"@id\":\"https:\/\/dekuyper-products.com\/product\/dispenser-serv-tork-xpressnap-snack-zwart-n10\/\",\"url\":\"https:\/\/dekuyper-products.com\/product\/dispenser-serv-tork-xpressnap-snack-zwart-n10\/\",\"name\":\"DISPENSER SERV TORK XPRESSNAP SNACK ZWART N10 - Dekuyper Products\",\"isPartOf\":{\"@id\":\"https:\/\/dekuyper-products.com\/nl\/#website\"},\"primaryImageOfPage\":{\"@id\":\"https:\/\/dekuyper-products.com\/product\/dispenser-serv-tork-xpressnap-snack-zwart-n10\/#primaryimage\"},\"image\":{\"@id\":\"https:\/\/dekuyper-products.com\/product\/dispenser-serv-tork-xpressnap-snack-zwart-n10\/#primaryimage\"},\"thumbnailUrl\":\"https:\/\/dekuyper-products.com\/wp-content\/uploads\/2020\/11\/764.jpg\",\"datePublished\":\"2020-11-19T11:10:01+00:00\",\"dateModified\":\"2021-05-17T09:27:30+00:00\",\"breadcrumb\":{\"@id\":\"https:\/\/dekuyper-products.com\/product\/dispenser-serv-tork-xpressnap-snack-zwart-n10\/#breadcrumb\"},\"inLanguage\":\"nl-BE\",\"potentialAction\":[{\"@type\":\"ReadAction\",\"target\":[\"https:\/\/dekuyper-products.com\/product\/dispenser-serv-tork-xpressnap-snack-zwart-n10\/\"]}]},{\"@type\":\"ImageObject\",\"inLanguage\":\"nl-BE\",\"@id\":\"https:\/\/dekuyper-products.com\/product\/dispenser-serv-tork-xpressnap-snack-zwart-n10\/#primaryimage\",\"url\":\"https:\/\/dekuyper-products.com\/wp-content\/uploads\/2020\/11\/764.jpg\",\"contentUrl\":\"https:\/\/dekuyper-products.com\/wp-content\/uploads\/2020\/11\/764.jpg\",\"width\":500,\"height\":500},{\"@type\":\"BreadcrumbList\",\"@id\":\"https:\/\/dekuyper-products.com\/product\/dispenser-serv-tork-xpressnap-snack-zwart-n10\/#breadcrumb\",\"itemListElement\":[{\"@type\":\"ListItem\",\"position\":1,\"name\":\"Home\",\"item\":\"https:\/\/dekuyper-products.com\/\"},{\"@type\":\"ListItem\",\"position\":2,\"name\":\"Producten\",\"item\":\"https:\/\/dekuyper-products.com\/nl\/shop\/\"},{\"@type\":\"ListItem\",\"position\":3,\"name\":\"DISPENSER SERV TORK XPRESSNAP SNACK ZWART N10\"}]},{\"@type\":\"WebSite\",\"@id\":\"https:\/\/dekuyper-products.com\/nl\/#website\",\"url\":\"https:\/\/dekuyper-products.com\/nl\/\",\"name\":\"Dekuyper Products\",\"description\":\"Onderhoudsproducten en -materialen\",\"publisher\":{\"@id\":\"https:\/\/dekuyper-products.com\/nl\/#organization\"},\"potentialAction\":[{\"@type\":\"SearchAction\",\"target\":{\"@type\":\"EntryPoint\",\"urlTemplate\":\"https:\/\/dekuyper-products.com\/nl\/?s={search_term_string}\"},\"query-input\":{\"@type\":\"PropertyValueSpecification\",\"valueRequired\":true,\"valueName\":\"search_term_string\"}}],\"inLanguage\":\"nl-BE\"},{\"@type\":\"Organization\",\"@id\":\"https:\/\/dekuyper-products.com\/nl\/#organization\",\"name\":\"Dekuyper Products\",\"url\":\"https:\/\/dekuyper-products.com\/nl\/\",\"logo\":{\"@type\":\"ImageObject\",\"inLanguage\":\"nl-BE\",\"@id\":\"https:\/\/dekuyper-products.com\/nl\/#\/schema\/logo\/image\/\",\"url\":\"https:\/\/dekuyper-products.com\/wp-content\/uploads\/2025\/03\/logo.png\",\"contentUrl\":\"https:\/\/dekuyper-products.com\/wp-content\/uploads\/2025\/03\/logo.png\",\"width\":89,\"height\":86,\"caption\":\"Dekuyper Products\"},\"image\":{\"@id\":\"https:\/\/dekuyper-products.com\/nl\/#\/schema\/logo\/image\/\"}}]}<\/script>\n<!-- \/ Yoast SEO plugin. -->","yoast_head_json":{"title":"DISPENSER SERV TORK XPRESSNAP SNACK ZWART N10 - Dekuyper Products","robots":{"index":"index","follow":"follow","max-snippet":"max-snippet:-1","max-image-preview":"max-image-preview:large","max-video-preview":"max-video-preview:-1"},"canonical":"https:\/\/dekuyper-products.com\/nl\/product\/dispenser-serv-tork-xpressnap-snack-zwart-n10\/","og_locale":"nl_BE","og_type":"article","og_title":"DISPENSER SERV TORK XPRESSNAP SNACK ZWART N10 - Dekuyper Products","og_description":"DISPENSER SERV TORK XPRESSNAP SNACK ZWART N10&#8212;Afmeting (mm): B 149, H 157, D 149 Aantal stuks: 1 Kleur: zwart Dit systeem vermindert het servetgebruik met minstens 25% vergeleken met traditionele dispensers. Het zorgt voor minder afval, verbeterde hygi\u00ebne en een persoonlijke bedrukking is mogelijk. Uitermate geschikt voor fastfoodrestaurants, kantines, stadions [&hellip;]","og_url":"https:\/\/dekuyper-products.com\/nl\/product\/dispenser-serv-tork-xpressnap-snack-zwart-n10\/","og_site_name":"Dekuyper Products","article_modified_time":"2021-05-17T09:27:30+00:00","og_image":[{"width":500,"height":500,"url":"https:\/\/dekuyper-products.com\/wp-content\/uploads\/2020\/11\/764.jpg","type":"image\/jpeg"}],"twitter_card":"summary_large_image","schema":{"@context":"https:\/\/schema.org","@graph":[{"@type":"WebPage","@id":"https:\/\/dekuyper-products.com\/product\/dispenser-serv-tork-xpressnap-snack-zwart-n10\/","url":"https:\/\/dekuyper-products.com\/product\/dispenser-serv-tork-xpressnap-snack-zwart-n10\/","name":"DISPENSER SERV TORK XPRESSNAP SNACK ZWART N10 - Dekuyper Products","isPartOf":{"@id":"https:\/\/dekuyper-products.com\/nl\/#website"},"primaryImageOfPage":{"@id":"https:\/\/dekuyper-products.com\/product\/dispenser-serv-tork-xpressnap-snack-zwart-n10\/#primaryimage"},"image":{"@id":"https:\/\/dekuyper-products.com\/product\/dispenser-serv-tork-xpressnap-snack-zwart-n10\/#primaryimage"},"thumbnailUrl":"https:\/\/dekuyper-products.com\/wp-content\/uploads\/2020\/11\/764.jpg","datePublished":"2020-11-19T11:10:01+00:00","dateModified":"2021-05-17T09:27:30+00:00","breadcrumb":{"@id":"https:\/\/dekuyper-products.com\/product\/dispenser-serv-tork-xpressnap-snack-zwart-n10\/#breadcrumb"},"inLanguage":"nl-BE","potentialAction":[{"@type":"ReadAction","target":["https:\/\/dekuyper-products.com\/product\/dispenser-serv-tork-xpressnap-snack-zwart-n10\/"]}]},{"@type":"ImageObject","inLanguage":"nl-BE","@id":"https:\/\/dekuyper-products.com\/product\/dispenser-serv-tork-xpressnap-snack-zwart-n10\/#primaryimage","url":"https:\/\/dekuyper-products.com\/wp-content\/uploads\/2020\/11\/764.jpg","contentUrl":"https:\/\/dekuyper-products.com\/wp-content\/uploads\/2020\/11\/764.jpg","width":500,"height":500},{"@type":"BreadcrumbList","@id":"https:\/\/dekuyper-products.com\/product\/dispenser-serv-tork-xpressnap-snack-zwart-n10\/#breadcrumb","itemListElement":[{"@type":"ListItem","position":1,"name":"Home","item":"https:\/\/dekuyper-products.com\/"},{"@type":"ListItem","position":2,"name":"Producten","item":"https:\/\/dekuyper-products.com\/nl\/shop\/"},{"@type":"ListItem","position":3,"name":"DISPENSER SERV TORK XPRESSNAP SNACK ZWART N10"}]},{"@type":"WebSite","@id":"https:\/\/dekuyper-products.com\/nl\/#website","url":"https:\/\/dekuyper-products.com\/nl\/","name":"Dekuyper Products","description":"Onderhoudsproducten en -materialen","publisher":{"@id":"https:\/\/dekuyper-products.com\/nl\/#organization"},"potentialAction":[{"@type":"SearchAction","target":{"@type":"EntryPoint","urlTemplate":"https:\/\/dekuyper-products.com\/nl\/?s={search_term_string}"},"query-input":{"@type":"PropertyValueSpecification","valueRequired":true,"valueName":"search_term_string"}}],"inLanguage":"nl-BE"},{"@type":"Organization","@id":"https:\/\/dekuyper-products.com\/nl\/#organization","name":"Dekuyper Products","url":"https:\/\/dekuyper-products.com\/nl\/","logo":{"@type":"ImageObject","inLanguage":"nl-BE","@id":"https:\/\/dekuyper-products.com\/nl\/#\/schema\/logo\/image\/","url":"https:\/\/dekuyper-products.com\/wp-content\/uploads\/2025\/03\/logo.png","contentUrl":"https:\/\/dekuyper-products.com\/wp-content\/uploads\/2025\/03\/logo.png","width":89,"height":86,"caption":"Dekuyper Products"},"image":{"@id":"https:\/\/dekuyper-products.com\/nl\/#\/schema\/logo\/image\/"}}]}},"_links":{"self":[{"href":"https:\/\/dekuyper-products.com\/nl\/wp-json\/wp\/v2\/product\/9343","targetHints":{"allow":["GET"]}}],"collection":[{"href":"https:\/\/dekuyper-products.com\/nl\/wp-json\/wp\/v2\/product"}],"about":[{"href":"https:\/\/dekuyper-products.com\/nl\/wp-json\/wp\/v2\/types\/product"}],"replies":[{"embeddable":true,"href":"https:\/\/dekuyper-products.com\/nl\/wp-json\/wp\/v2\/comments?post=9343"}],"wp:featuredmedia":[{"embeddable":true,"href":"https:\/\/dekuyper-products.com\/nl\/wp-json\/wp\/v2\/media\/9344"}],"wp:attachment":[{"href":"https:\/\/dekuyper-products.com\/nl\/wp-json\/wp\/v2\/media?parent=9343"}],"wp:term":[{"taxonomy":"product_brand","embeddable":true,"href":"https:\/\/dekuyper-products.com\/nl\/wp-json\/wp\/v2\/product_brand?post=9343"},{"taxonomy":"product_cat","embeddable":true,"href":"https:\/\/dekuyper-products.com\/nl\/wp-json\/wp\/v2\/product_cat?post=9343"},{"taxonomy":"product_tag","embeddable":true,"href":"https:\/\/dekuyper-products.com\/nl\/wp-json\/wp\/v2\/product_tag?post=9343"}],"curies":[{"name":"wp","href":"https:\/\/api.w.org\/{rel}","templated":true}]}}